{"id":1876,"date":"2023-08-24T08:46:35","date_gmt":"2023-08-24T08:46:35","guid":{"rendered":"https:\/\/ysalc.ae\/?page_id=1876"},"modified":"2025-09-19T20:21:32","modified_gmt":"2025-09-19T20:21:32","slug":"hakkimizda","status":"publish","type":"page","link":"https:\/\/ysalc.ae\/tr\/hakkimizda\/","title":{"rendered":"Hakk\u0131m\u0131zda"},"content":{"rendered":"\t\t<div data-elementor-type=\"wp-page\" data-elementor-id=\"1876\" class=\"elementor elementor-1876 elementor-13\" data-elementor-post-type=\"page\">\n\t\t\t\t\t\t<section class=\"elementor-section elementor-top-section elementor-element elementor-element-981829e elementor-section-boxed elementor-section-height-default elementor-section-height-default\" data-id=\"981829e\" data-element_type=\"section\" data-e-type=\"section\">\n\t\t\t\t\t\t<div class=\"elementor-container elementor-column-gap-default\">\n\t\t\t\t\t<div class=\"elementor-column elementor-col-100 elementor-top-column elementor-element elementor-element-b39cac4 elementor-invisible\" data-id=\"b39cac4\" data-element_type=\"column\" data-e-type=\"column\" data-settings=\"{&quot;background_background&quot;:&quot;classic&quot;,&quot;animation&quot;:&quot;fadeInUp&quot;}\">\n\t\t\t<div class=\"elementor-widget-wrap elementor-element-populated\">\n\t\t\t\t\t\t<div class=\"elementor-element elementor-element-3c2fe82 elementor-widget elementor-widget-heading\" data-id=\"3c2fe82\" data-element_type=\"widget\" data-e-type=\"widget\" data-widget_type=\"heading.default\">\n\t\t\t\t<div class=\"elementor-widget-container\">\n\t\t\t\t\t<h2 class=\"elementor-heading-title elementor-size-default\">Hakk\u0131m\u0131zda<\/h2>\t\t\t\t<\/div>\n\t\t\t\t<\/div>\n\t\t\t\t<div class=\"elementor-element elementor-element-40d84f9 elementor-widget elementor-widget-heading\" data-id=\"40d84f9\" data-element_type=\"widget\" data-e-type=\"widget\" data-widget_type=\"heading.default\">\n\t\t\t\t<div class=\"elementor-widget-container\">\n\t\t\t\t\t<h2 class=\"elementor-heading-title elementor-size-default\">25 Y\u0131l\u0131 A\u015fk\u0131n S\u00fcredir Hukuk Alan\u0131nda Deneyim!<\/h2>\t\t\t\t<\/div>\n\t\t\t\t<\/div>\n\t\t\t\t<section class=\"elementor-section elementor-inner-section elementor-element elementor-element-f26e779 elementor-section-full_width elementor-section-height-default elementor-section-height-default elementor-invisible\" data-id=\"f26e779\" data-element_type=\"section\" data-e-type=\"section\" data-settings=\"{&quot;animation&quot;:&quot;fadeInUp&quot;}\">\n\t\t\t\t\t\t<div class=\"elementor-container elementor-column-gap-default\">\n\t\t\t\t\t<div class=\"elementor-column elementor-col-50 elementor-inner-column elementor-element elementor-element-c6f11bd elementor-invisible\" data-id=\"c6f11bd\" data-element_type=\"column\" data-e-type=\"column\" data-settings=\"{&quot;animation&quot;:&quot;fadeInLeft&quot;}\">\n\t\t\t<div class=\"elementor-widget-wrap elementor-element-populated\">\n\t\t\t\t\t\t<div class=\"elementor-element elementor-element-8827321 elementor-widget elementor-widget-text-editor\" data-id=\"8827321\" data-element_type=\"widget\" data-e-type=\"widget\" data-widget_type=\"text-editor.default\">\n\t\t\t\t<div class=\"elementor-widget-container\">\n\t\t\t\t\t\t\t\t\tSpecialists in all aspects of litigation and providing comprehensive range of legal services aiming to meet all clients\u2019 needs and surpass their expectations. Yousif Al-Sharif Advocates &#038; Legal Consultants (YSALC) is a full-service law firm that offers comprehensive legal support across a wide range of services, industries and sectors. In 1995, YSALC was founded by Chairman\/ Dr. Yousif Al-Sharif based on a vision to provide our clients with skilled legal advice in a timely and efficient manner. We strive towards excellence by enhancing our working principles into everything we deliver to our clients. As one of the leading firms in Dubai, YSALC serves a range of leading companies in the sectors of insurance, real state, trade, manufacturing and media locally and globally. Based on this unique experience, the firm has rapidly grown to conjoin a highly specialized and highly qualified team of Attorneys and Legal Consultants. We continue to build a reputation in the legal field that is not only effective, but also innovative.\n\n\t\t\t\t\t\t\t\t<\/div>\n\t\t\t\t<\/div>\n\t\t\t\t\t<\/div>\n\t\t<\/div>\n\t\t\t\t<div class=\"elementor-column elementor-col-50 elementor-inner-column elementor-element elementor-element-670da12 elementor-invisible\" data-id=\"670da12\" data-element_type=\"column\" data-e-type=\"column\" data-settings=\"{&quot;animation&quot;:&quot;fadeInRight&quot;}\">\n\t\t\t<div class=\"elementor-widget-wrap elementor-element-populated\">\n\t\t\t\t\t\t<div class=\"elementor-element elementor-element-4e45c1b elementor-widget elementor-widget-image\" data-id=\"4e45c1b\" data-element_type=\"widget\" data-e-type=\"widget\" data-settings=\"{&quot;motion_fx_motion_fx_scrolling&quot;:&quot;yes&quot;,&quot;motion_fx_range&quot;:&quot;viewport&quot;,&quot;motion_fx_devices&quot;:[&quot;desktop&quot;,&quot;tablet&quot;,&quot;mobile&quot;]}\" data-widget_type=\"image.default\">\n\t\t\t\t<div class=\"elementor-widget-container\">\n\t\t\t\t\t\t\t\t\t\t\t\t\t\t\t<img fetchpriority=\"high\" decoding=\"async\" width=\"1000\" height=\"667\" src=\"https:\/\/ysalc.ae\/wp-content\/uploads\/2023\/08\/2022_07_29_10_08_338.jpg\" class=\"attachment-full size-full wp-image-1852\" alt=\"\" srcset=\"https:\/\/ysalc.ae\/wp-content\/uploads\/2023\/08\/2022_07_29_10_08_338.jpg 1000w, https:\/\/ysalc.ae\/wp-content\/uploads\/2023\/08\/2022_07_29_10_08_338-300x200.jpg 300w, https:\/\/ysalc.ae\/wp-content\/uploads\/2023\/08\/2022_07_29_10_08_338-768x512.jpg 768w\" sizes=\"(max-width: 1000px) 100vw, 1000px\" \/>\t\t\t\t\t\t\t\t\t\t\t\t\t\t\t<\/div>\n\t\t\t\t<\/div>\n\t\t\t\t\t<\/div>\n\t\t<\/div>\n\t\t\t\t\t<\/div>\n\t\t<\/section>\n\t\t\t\t\t<\/div>\n\t\t<\/div>\n\t\t\t\t\t<\/div>\n\t\t<\/section>\n\t\t\t\t<\/div>\n\t\t","protected":false},"excerpt":{"rendered":"<p>Hakk\u0131m\u0131zda 25 Y\u0131l\u0131 A\u015fk\u0131n S\u00fcredir Hukuk Alan\u0131nda Deneyim! Specialists in all aspects of litigation and providing comprehensive range of legal services aiming to meet all clients\u2019 needs and surpass their expectations. Yousif Al-Sharif Advocates &#038; Legal Consultants (YSALC) is a full-service law firm that offers comprehensive legal support across a wide range of services, industries [&hellip;]<\/p>\n","protected":false},"author":123457,"featured_media":0,"parent":0,"menu_order":0,"comment_status":"closed","ping_status":"closed","template":"elementor_header_footer","meta":{"footnotes":""},"class_list":["post-1876","page","type-page","status-publish","hentry"],"acf":[],"_links":{"self":[{"href":"https:\/\/ysalc.ae\/tr\/wp-json\/wp\/v2\/pages\/1876","targetHints":{"allow":["GET"]}}],"collection":[{"href":"https:\/\/ysalc.ae\/tr\/wp-json\/wp\/v2\/pages"}],"about":[{"href":"https:\/\/ysalc.ae\/tr\/wp-json\/wp\/v2\/types\/page"}],"author":[{"embeddable":true,"href":"https:\/\/ysalc.ae\/tr\/wp-json\/wp\/v2\/users\/123457"}],"replies":[{"embeddable":true,"href":"https:\/\/ysalc.ae\/tr\/wp-json\/wp\/v2\/comments?post=1876"}],"version-history":[{"count":4,"href":"https:\/\/ysalc.ae\/tr\/wp-json\/wp\/v2\/pages\/1876\/revisions"}],"predecessor-version":[{"id":1880,"href":"https:\/\/ysalc.ae\/tr\/wp-json\/wp\/v2\/pages\/1876\/revisions\/1880"}],"wp:attachment":[{"href":"https:\/\/ysalc.ae\/tr\/wp-json\/wp\/v2\/media?parent=1876"}],"curies":[{"name":"wp","href":"https:\/\/api.w.org\/{rel}","templated":true}]}}