{"id":2000,"date":"2025-12-14T21:32:31","date_gmt":"2025-12-14T21:32:31","guid":{"rendered":"https:\/\/ysalc.ae\/?page_id=2000"},"modified":"2025-12-14T23:16:43","modified_gmt":"2025-12-14T23:16:43","slug":"istanbul-ofisi","status":"publish","type":"page","link":"https:\/\/ysalc.ae\/tr\/istanbul-ofisi\/","title":{"rendered":"\u0130stanbul ofisi"},"content":{"rendered":"\t\t<div data-elementor-type=\"wp-page\" data-elementor-id=\"2000\" class=\"elementor elementor-2000 elementor-1970\" data-elementor-post-type=\"page\">\n\t\t\t\t\t\t<section class=\"elementor-section elementor-top-section elementor-element elementor-element-3bffd79 elementor-section-boxed elementor-section-height-default elementor-section-height-default\" data-id=\"3bffd79\" data-element_type=\"section\" data-e-type=\"section\">\n\t\t\t\t\t\t<div class=\"elementor-container elementor-column-gap-default\">\n\t\t\t\t\t<div class=\"elementor-column elementor-col-100 elementor-top-column elementor-element elementor-element-c7710f2 elementor-invisible\" data-id=\"c7710f2\" data-element_type=\"column\" data-e-type=\"column\" data-settings=\"{&quot;background_background&quot;:&quot;classic&quot;,&quot;animation&quot;:&quot;fadeInUp&quot;}\">\n\t\t\t<div class=\"elementor-widget-wrap elementor-element-populated\">\n\t\t\t\t\t\t<section class=\"elementor-section elementor-inner-section elementor-element elementor-element-08043fe elementor-section-full_width elementor-section-height-default elementor-section-height-default\" data-id=\"08043fe\" data-element_type=\"section\" data-e-type=\"section\">\n\t\t\t\t\t\t<div class=\"elementor-container elementor-column-gap-default\">\n\t\t\t\t\t<div class=\"elementor-column elementor-col-50 elementor-inner-column elementor-element elementor-element-fc5a306\" data-id=\"fc5a306\" data-element_type=\"column\" data-e-type=\"column\" data-settings=\"{&quot;background_background&quot;:&quot;classic&quot;}\">\n\t\t\t<div class=\"elementor-widget-wrap elementor-element-populated\">\n\t\t\t\t\t\t<div class=\"elementor-element elementor-element-cf28aa7 elementor-widget elementor-widget-heading\" data-id=\"cf28aa7\" data-element_type=\"widget\" data-e-type=\"widget\" data-widget_type=\"heading.default\">\n\t\t\t\t<div class=\"elementor-widget-container\">\n\t\t\t\t\t<h2 class=\"elementor-heading-title elementor-size-default\">\u0130stanbul ofisi<\/h2>\t\t\t\t<\/div>\n\t\t\t\t<\/div>\n\t\t\t\t<div class=\"elementor-element elementor-element-601cc8a elementor-align-start elementor-icon-list--layout-traditional elementor-list-item-link-full_width elementor-widget elementor-widget-icon-list\" data-id=\"601cc8a\" data-element_type=\"widget\" data-e-type=\"widget\" data-widget_type=\"icon-list.default\">\n\t\t\t\t<div class=\"elementor-widget-container\">\n\t\t\t\t\t\t\t<ul class=\"elementor-icon-list-items\">\n\t\t\t\t\t\t\t<li class=\"elementor-icon-list-item\">\n\t\t\t\t\t\t\t\t\t\t\t<span class=\"elementor-icon-list-icon\">\n\t\t\t\t\t\t\t<i aria-hidden=\"true\" class=\"fas fa-map-marker-alt\"><\/i>\t\t\t\t\t\t<\/span>\n\t\t\t\t\t\t\t\t\t\t<span class=\"elementor-icon-list-text\">Adres: Esentepe mah. Milangaz Cd., Dumankaya vizyon No:77 A1 blok, kat:19, daire:108, Kartal\/ \u0130stanbul<\/span>\n\t\t\t\t\t\t\t\t\t<\/li>\n\t\t\t\t\t\t\t\t<li class=\"elementor-icon-list-item\">\n\t\t\t\t\t\t\t\t\t\t\t<a href=\"tel:+092165115158\">\n\n\t\t\t\t\t\t\t\t\t\t\t\t<span class=\"elementor-icon-list-icon\">\n\t\t\t\t\t\t\t<i aria-hidden=\"true\" class=\"fas fa-phone-alt\"><\/i>\t\t\t\t\t\t<\/span>\n\t\t\t\t\t\t\t\t\t\t<span class=\"elementor-icon-list-text\">Tel: +09 216 511 51 58<\/span>\n\t\t\t\t\t\t\t\t\t\t\t<\/a>\n\t\t\t\t\t\t\t\t\t<\/li>\n\t\t\t\t\t\t\t\t<li class=\"elementor-icon-list-item\">\n\t\t\t\t\t\t\t\t\t\t\t<a href=\"mailto:info@ysalc.tr\">\n\n\t\t\t\t\t\t\t\t\t\t\t\t<span class=\"elementor-icon-list-icon\">\n\t\t\t\t\t\t\t<i aria-hidden=\"true\" class=\"fas fa-envelope\"><\/i>\t\t\t\t\t\t<\/span>\n\t\t\t\t\t\t\t\t\t\t<span class=\"elementor-icon-list-text\">E-posta: info@ysalc.tr<\/span>\n\t\t\t\t\t\t\t\t\t\t\t<\/a>\n\t\t\t\t\t\t\t\t\t<\/li>\n\t\t\t\t\t\t\t\t<li class=\"elementor-icon-list-item\">\n\t\t\t\t\t\t\t\t\t\t\t<a href=\"http:\/\/www.ysalc.ae\">\n\n\t\t\t\t\t\t\t\t\t\t\t\t<span class=\"elementor-icon-list-icon\">\n\t\t\t\t\t\t\t<i aria-hidden=\"true\" class=\"fas fa-globe-americas\"><\/i>\t\t\t\t\t\t<\/span>\n\t\t\t\t\t\t\t\t\t\t<span class=\"elementor-icon-list-text\">web sitesi: www.ysalc.ae<\/span>\n\t\t\t\t\t\t\t\t\t\t\t<\/a>\n\t\t\t\t\t\t\t\t\t<\/li>\n\t\t\t\t\t\t<\/ul>\n\t\t\t\t\t\t<\/div>\n\t\t\t\t<\/div>\n\t\t\t\t\t<\/div>\n\t\t<\/div>\n\t\t\t\t<div class=\"elementor-column elementor-col-50 elementor-inner-column elementor-element elementor-element-a36eec1\" data-id=\"a36eec1\" data-element_type=\"column\" data-e-type=\"column\">\n\t\t\t<div class=\"elementor-widget-wrap elementor-element-populated\">\n\t\t\t\t\t\t<div class=\"elementor-element elementor-element-b9e4612 elementor-widget elementor-widget-image\" data-id=\"b9e4612\" data-element_type=\"widget\" data-e-type=\"widget\" data-widget_type=\"image.default\">\n\t\t\t\t<div class=\"elementor-widget-container\">\n\t\t\t\t\t\t\t\t\t\t\t\t\t\t\t<img decoding=\"async\" width=\"84\" height=\"80\" src=\"https:\/\/ysalc.ae\/wp-content\/uploads\/2023\/08\/bank.png\" class=\"attachment-large size-large wp-image-1854\" alt=\"\" \/>\t\t\t\t\t\t\t\t\t\t\t\t\t\t\t<\/div>\n\t\t\t\t<\/div>\n\t\t\t\t<div class=\"elementor-element elementor-element-8298791 elementor-widget elementor-widget-heading\" data-id=\"8298791\" data-element_type=\"widget\" data-e-type=\"widget\" data-widget_type=\"heading.default\">\n\t\t\t\t<div class=\"elementor-widget-container\">\n\t\t\t\t\t<h2 class=\"elementor-heading-title elementor-size-default\">Bizim Ekibimiz<\/h2>\t\t\t\t<\/div>\n\t\t\t\t<\/div>\n\t\t\t\t<section class=\"elementor-section elementor-inner-section elementor-element elementor-element-a13b788 elementor-section-full_width elementor-section-height-default elementor-section-height-default elementor-invisible\" data-id=\"a13b788\" data-element_type=\"section\" data-e-type=\"section\" data-settings=\"{&quot;animation&quot;:&quot;fadeInUp&quot;}\">\n\t\t\t\t\t\t<div class=\"elementor-container elementor-column-gap-default\">\n\t\t\t\t\t<div class=\"elementor-column elementor-col-50 elementor-inner-column elementor-element elementor-element-f92957c elementor-invisible\" data-id=\"f92957c\" data-element_type=\"column\" data-e-type=\"column\" data-settings=\"{&quot;background_background&quot;:&quot;classic&quot;,&quot;animation&quot;:&quot;fadeInUp&quot;}\">\n\t\t\t<div class=\"elementor-widget-wrap elementor-element-populated\">\n\t\t\t\t\t\t<div class=\"elementor-element elementor-element-ff8c5d4 elementor-widget elementor-widget-image\" data-id=\"ff8c5d4\" data-element_type=\"widget\" data-e-type=\"widget\" data-widget_type=\"image.default\">\n\t\t\t\t<div class=\"elementor-widget-container\">\n\t\t\t\t\t\t\t\t\t\t\t\t\t\t\t<img fetchpriority=\"high\" decoding=\"async\" width=\"800\" height=\"800\" src=\"https:\/\/ysalc.ae\/wp-content\/uploads\/2025\/12\/default-avatar-icon-of-social-media-user-vector.jpg\" class=\"attachment-large size-large wp-image-1980\" alt=\"\" srcset=\"https:\/\/ysalc.ae\/wp-content\/uploads\/2025\/12\/default-avatar-icon-of-social-media-user-vector.jpg 980w, https:\/\/ysalc.ae\/wp-content\/uploads\/2025\/12\/default-avatar-icon-of-social-media-user-vector-300x300.jpg 300w, https:\/\/ysalc.ae\/wp-content\/uploads\/2025\/12\/default-avatar-icon-of-social-media-user-vector-150x150.jpg 150w, https:\/\/ysalc.ae\/wp-content\/uploads\/2025\/12\/default-avatar-icon-of-social-media-user-vector-768x768.jpg 768w, https:\/\/ysalc.ae\/wp-content\/uploads\/2025\/12\/default-avatar-icon-of-social-media-user-vector-200x200.jpg 200w\" sizes=\"(max-width: 800px) 100vw, 800px\" \/>\t\t\t\t\t\t\t\t\t\t\t\t\t\t\t<\/div>\n\t\t\t\t<\/div>\n\t\t\t\t<div class=\"elementor-element elementor-element-edc083d elementor-widget elementor-widget-heading\" data-id=\"edc083d\" data-element_type=\"widget\" data-e-type=\"widget\" data-widget_type=\"heading.default\">\n\t\t\t\t<div class=\"elementor-widget-container\">\n\t\t\t\t\t<h2 class=\"elementor-heading-title elementor-size-default\">Sultan Al-Sharif <\/h2>\t\t\t\t<\/div>\n\t\t\t\t<\/div>\n\t\t\t\t<div class=\"elementor-element elementor-element-8352b86 elementor-widget elementor-widget-text-editor\" data-id=\"8352b86\" data-element_type=\"widget\" data-e-type=\"widget\" data-widget_type=\"text-editor.default\">\n\t\t\t\t<div class=\"elementor-widget-container\">\n\t\t\t\t\t\t\t\t\t<p><a href=\"mailto:ss@ysalc.tr\"><strong>ss@ysalc.tr<\/strong><\/a><\/p><p><strong>+971 55 551 1456<\/strong><\/p>\t\t\t\t\t\t\t\t<\/div>\n\t\t\t\t<\/div>\n\t\t\t\t<div class=\"elementor-element elementor-element-75c7f2c elementor-widget elementor-widget-text-editor\" data-id=\"75c7f2c\" data-element_type=\"widget\" data-e-type=\"widget\" data-widget_type=\"text-editor.default\">\n\t\t\t\t<div class=\"elementor-widget-container\">\n\t\t\t\t\t\t\t\t\t<ul><li>Rusya\u2019daki \u00fcniversitelerde doktora ara\u015ft\u0131rmac\u0131s\u0131d\u0131r.<\/li><li>\u0130svi\u00e7re \u0130\u015fletme Okulu\u2019ndan (Swiss Business School) Y\u00f6netim alan\u0131nda y\u00fcksek lisans derecesine sahiptir.<\/li><li>Sharjah \u00dcniversitesi Hukuk Fak\u00fcltesi\u2019nden hukuk lisans derecesi alm\u0131\u015ft\u0131r.<\/li><li>Ana dili Arap\u00e7a olup \u0130ngilizce, Rus\u00e7a ve Arnavut\u00e7a dillerine h\u00e2kimdir.<\/li><li>Birle\u015fik Arap Emirlikleri i\u00e7inde ve d\u0131\u015f\u0131nda geni\u015f bir profesyonel ileti\u015fim a\u011f\u0131na sahiptir.<\/li><li>G\u00fc\u00e7l\u00fc analitik ve muhakeme yetene\u011fi, hukuk ilkelerine derin hakimiyeti ve m\u00fczakere becerisiyle \u00f6ne \u00e7\u0131kmaktad\u0131r.<\/li><li>M\u00fcvekkillere ola\u011fan\u00fcst\u00fc d\u00fczeyde hukuk\u00ee destek sunmaktad\u0131r.<\/li><\/ul>\t\t\t\t\t\t\t\t<\/div>\n\t\t\t\t<\/div>\n\t\t\t\t\t<\/div>\n\t\t<\/div>\n\t\t\t\t<div class=\"elementor-column elementor-col-50 elementor-inner-column elementor-element elementor-element-d91fadb elementor-invisible\" data-id=\"d91fadb\" data-element_type=\"column\" data-e-type=\"column\" data-settings=\"{&quot;background_background&quot;:&quot;classic&quot;,&quot;animation&quot;:&quot;fadeInUp&quot;}\">\n\t\t\t<div class=\"elementor-widget-wrap elementor-element-populated\">\n\t\t\t\t\t\t<div class=\"elementor-element elementor-element-36ffd11 elementor-widget elementor-widget-image\" data-id=\"36ffd11\" data-element_type=\"widget\" data-e-type=\"widget\" data-widget_type=\"image.default\">\n\t\t\t\t<div class=\"elementor-widget-container\">\n\t\t\t\t\t\t\t\t\t\t\t\t\t\t\t<img fetchpriority=\"high\" decoding=\"async\" width=\"800\" height=\"800\" src=\"https:\/\/ysalc.ae\/wp-content\/uploads\/2025\/12\/default-avatar-icon-of-social-media-user-vector.jpg\" class=\"attachment-large size-large wp-image-1980\" alt=\"\" srcset=\"https:\/\/ysalc.ae\/wp-content\/uploads\/2025\/12\/default-avatar-icon-of-social-media-user-vector.jpg 980w, https:\/\/ysalc.ae\/wp-content\/uploads\/2025\/12\/default-avatar-icon-of-social-media-user-vector-300x300.jpg 300w, https:\/\/ysalc.ae\/wp-content\/uploads\/2025\/12\/default-avatar-icon-of-social-media-user-vector-150x150.jpg 150w, https:\/\/ysalc.ae\/wp-content\/uploads\/2025\/12\/default-avatar-icon-of-social-media-user-vector-768x768.jpg 768w, https:\/\/ysalc.ae\/wp-content\/uploads\/2025\/12\/default-avatar-icon-of-social-media-user-vector-200x200.jpg 200w\" sizes=\"(max-width: 800px) 100vw, 800px\" \/>\t\t\t\t\t\t\t\t\t\t\t\t\t\t\t<\/div>\n\t\t\t\t<\/div>\n\t\t\t\t<div class=\"elementor-element elementor-element-a215769 elementor-widget elementor-widget-heading\" data-id=\"a215769\" data-element_type=\"widget\" data-e-type=\"widget\" data-widget_type=\"heading.default\">\n\t\t\t\t<div class=\"elementor-widget-container\">\n\t\t\t\t\t<h2 class=\"elementor-heading-title elementor-size-default\">Murad Ali <\/h2>\t\t\t\t<\/div>\n\t\t\t\t<\/div>\n\t\t\t\t<div class=\"elementor-element elementor-element-69d2d32 elementor-widget elementor-widget-text-editor\" data-id=\"69d2d32\" data-element_type=\"widget\" data-e-type=\"widget\" data-widget_type=\"text-editor.default\">\n\t\t\t\t<div class=\"elementor-widget-container\">\n\t\t\t\t\t\t\t\t\t<p><a href=\"mailto:mua@ysalc.tr\"><strong>mua@ysalc.tr<\/strong><\/a><\/p><p><strong>+90 542 388 99 67<\/strong><\/p>\t\t\t\t\t\t\t\t<\/div>\n\t\t\t\t<\/div>\n\t\t\t\t<div class=\"elementor-element elementor-element-42cd33a elementor-widget elementor-widget-text-editor\" data-id=\"42cd33a\" data-element_type=\"widget\" data-e-type=\"widget\" data-widget_type=\"text-editor.default\">\n\t\t\t\t<div class=\"elementor-widget-container\">\n\t\t\t\t\t\t\t\t\t<ul><li>Hult International Business School (Dubai)\u2019dan y\u00fcksek lisans derecesine sahiptir.<\/li><li>Marmara \u00dcniversitesi Hukuk Fak\u00fcltesi mezunudur.<\/li><li>Ana dili T\u00fcrk\u00e7e olup Arap\u00e7a ve \u0130ngilizce dillerine h\u00e2kimdir.<\/li><li>Yousif Al-Sharif Hukuk ve Dan\u0131\u015fmanl\u0131k Ofisi\u2019nde ortak avukat olarak g\u00f6rev yapmaktad\u0131r.<\/li><li>T\u00fcrkiye Cumhuriyeti i\u00e7inde ve d\u0131\u015f\u0131nda geni\u015f bir i\u015f \u00e7evresine sahiptir.<\/li><li>T\u00fcrkiye\u2019de farkl\u0131 hukuk alanlar\u0131nda hukuk\u00ee dan\u0131\u015fmanl\u0131k ve yarg\u0131 mercileri nezdinde temsil hizmeti sunmaktad\u0131r.<\/li><\/ul>\t\t\t\t\t\t\t\t<\/div>\n\t\t\t\t<\/div>\n\t\t\t\t\t<\/div>\n\t\t<\/div>\n\t\t\t\t\t<\/div>\n\t\t<\/section>\n\t\t\t\t<section class=\"elementor-section elementor-inner-section elementor-element elementor-element-2231c63 elementor-section-full_width elementor-section-height-default elementor-section-height-default elementor-invisible\" data-id=\"2231c63\" data-element_type=\"section\" data-e-type=\"section\" data-settings=\"{&quot;animation&quot;:&quot;fadeInUp&quot;}\">\n\t\t\t\t\t\t<div class=\"elementor-container elementor-column-gap-default\">\n\t\t\t\t\t<div class=\"elementor-column elementor-col-50 elementor-inner-column elementor-element elementor-element-6427ef1 elementor-invisible\" data-id=\"6427ef1\" data-element_type=\"column\" data-e-type=\"column\" data-settings=\"{&quot;background_background&quot;:&quot;classic&quot;,&quot;animation&quot;:&quot;fadeInUp&quot;}\">\n\t\t\t<div class=\"elementor-widget-wrap elementor-element-populated\">\n\t\t\t\t\t\t<div class=\"elementor-element elementor-element-a2a0f1c elementor-widget elementor-widget-image\" data-id=\"a2a0f1c\" data-element_type=\"widget\" data-e-type=\"widget\" data-widget_type=\"image.default\">\n\t\t\t\t<div class=\"elementor-widget-container\">\n\t\t\t\t\t\t\t\t\t\t\t\t\t\t\t<img fetchpriority=\"high\" decoding=\"async\" width=\"800\" height=\"800\" src=\"https:\/\/ysalc.ae\/wp-content\/uploads\/2025\/12\/default-avatar-icon-of-social-media-user-vector.jpg\" class=\"attachment-large size-large wp-image-1980\" alt=\"\" srcset=\"https:\/\/ysalc.ae\/wp-content\/uploads\/2025\/12\/default-avatar-icon-of-social-media-user-vector.jpg 980w, https:\/\/ysalc.ae\/wp-content\/uploads\/2025\/12\/default-avatar-icon-of-social-media-user-vector-300x300.jpg 300w, https:\/\/ysalc.ae\/wp-content\/uploads\/2025\/12\/default-avatar-icon-of-social-media-user-vector-150x150.jpg 150w, https:\/\/ysalc.ae\/wp-content\/uploads\/2025\/12\/default-avatar-icon-of-social-media-user-vector-768x768.jpg 768w, https:\/\/ysalc.ae\/wp-content\/uploads\/2025\/12\/default-avatar-icon-of-social-media-user-vector-200x200.jpg 200w\" sizes=\"(max-width: 800px) 100vw, 800px\" \/>\t\t\t\t\t\t\t\t\t\t\t\t\t\t\t<\/div>\n\t\t\t\t<\/div>\n\t\t\t\t<div class=\"elementor-element elementor-element-61cb3d4 elementor-widget elementor-widget-heading\" data-id=\"61cb3d4\" data-element_type=\"widget\" data-e-type=\"widget\" data-widget_type=\"heading.default\">\n\t\t\t\t<div class=\"elementor-widget-container\">\n\t\t\t\t\t<h2 class=\"elementor-heading-title elementor-size-default\">Murad Salhi <\/h2>\t\t\t\t<\/div>\n\t\t\t\t<\/div>\n\t\t\t\t<div class=\"elementor-element elementor-element-15f22ee elementor-widget elementor-widget-text-editor\" data-id=\"15f22ee\" data-element_type=\"widget\" data-e-type=\"widget\" data-widget_type=\"text-editor.default\">\n\t\t\t\t<div class=\"elementor-widget-container\">\n\t\t\t\t\t\t\t\t\t<p><a href=\"mailto:ms@ysalc.tr\"><strong>ms@ysalc.tr<\/strong><\/a><\/p><p><strong>+90 501 100 11 01<\/strong><\/p>\t\t\t\t\t\t\t\t<\/div>\n\t\t\t\t<\/div>\n\t\t\t\t<div class=\"elementor-element elementor-element-4a383b1 elementor-widget elementor-widget-text-editor\" data-id=\"4a383b1\" data-element_type=\"widget\" data-e-type=\"widget\" data-widget_type=\"text-editor.default\">\n\t\t\t\t<div class=\"elementor-widget-container\">\n\t\t\t\t\t\t\t\t\t<ul><li>\u0130stanbul \u00dcniversitesi Hukuk Fak\u00fcltesi mezunudur.<\/li><li>Yat\u0131r\u0131mc\u0131lar ile Arap ve T\u00fcrk m\u00fcvekkillere y\u00f6nelik hukuk hizmeti sunmaktad\u0131r.<\/li><li>T\u00fcrkiye i\u00e7inde ve d\u0131\u015f\u0131nda geni\u015f bir profesyonel ileti\u015fim a\u011f\u0131na sahiptir.<\/li><li>Daha \u00f6nce Suudi Arabistan Krall\u0131\u011f\u0131 \u0130stanbul Ba\u015fkonsoloslu\u011fu ile Irak \u0130\u015f \u0130nsanlar\u0131 Derne\u011fi\u2019ne hukuk dan\u0131\u015fman\u0131 olarak hizmet vermi\u015ftir.<\/li><li>Arap\u00e7a, T\u00fcrk\u00e7e ve \u0130ngilizce dillerine h\u00e2kim olup, Arap ve T\u00fcrk taraflar\u0131 aras\u0131nda etkili hukuk\u00ee ileti\u015fim kurulmas\u0131na katk\u0131 sa\u011flamaktad\u0131r<\/li><\/ul>\t\t\t\t\t\t\t\t<\/div>\n\t\t\t\t<\/div>\n\t\t\t\t\t<\/div>\n\t\t<\/div>\n\t\t\t\t<div class=\"elementor-column elementor-col-50 elementor-inner-column elementor-element elementor-element-c680afd elementor-invisible\" data-id=\"c680afd\" data-element_type=\"column\" data-e-type=\"column\" data-settings=\"{&quot;background_background&quot;:&quot;classic&quot;,&quot;animation&quot;:&quot;fadeInUp&quot;}\">\n\t\t\t<div class=\"elementor-widget-wrap elementor-element-populated\">\n\t\t\t\t\t\t<div class=\"elementor-element elementor-element-b863046 elementor-widget elementor-widget-image\" data-id=\"b863046\" data-element_type=\"widget\" data-e-type=\"widget\" data-widget_type=\"image.default\">\n\t\t\t\t<div class=\"elementor-widget-container\">\n\t\t\t\t\t\t\t\t\t\t\t\t\t\t\t<img fetchpriority=\"high\" decoding=\"async\" width=\"800\" height=\"800\" src=\"https:\/\/ysalc.ae\/wp-content\/uploads\/2025\/12\/default-avatar-icon-of-social-media-user-vector.jpg\" class=\"attachment-large size-large wp-image-1980\" alt=\"\" srcset=\"https:\/\/ysalc.ae\/wp-content\/uploads\/2025\/12\/default-avatar-icon-of-social-media-user-vector.jpg 980w, https:\/\/ysalc.ae\/wp-content\/uploads\/2025\/12\/default-avatar-icon-of-social-media-user-vector-300x300.jpg 300w, https:\/\/ysalc.ae\/wp-content\/uploads\/2025\/12\/default-avatar-icon-of-social-media-user-vector-150x150.jpg 150w, https:\/\/ysalc.ae\/wp-content\/uploads\/2025\/12\/default-avatar-icon-of-social-media-user-vector-768x768.jpg 768w, https:\/\/ysalc.ae\/wp-content\/uploads\/2025\/12\/default-avatar-icon-of-social-media-user-vector-200x200.jpg 200w\" sizes=\"(max-width: 800px) 100vw, 800px\" \/>\t\t\t\t\t\t\t\t\t\t\t\t\t\t\t<\/div>\n\t\t\t\t<\/div>\n\t\t\t\t<div class=\"elementor-element elementor-element-8e8565e elementor-widget elementor-widget-heading\" data-id=\"8e8565e\" data-element_type=\"widget\" data-e-type=\"widget\" data-widget_type=\"heading.default\">\n\t\t\t\t<div class=\"elementor-widget-container\">\n\t\t\t\t\t<h2 class=\"elementor-heading-title elementor-size-default\">Batuhan P\u0131nar <\/h2>\t\t\t\t<\/div>\n\t\t\t\t<\/div>\n\t\t\t\t<div class=\"elementor-element elementor-element-0d60dd1 elementor-widget elementor-widget-text-editor\" data-id=\"0d60dd1\" data-element_type=\"widget\" data-e-type=\"widget\" data-widget_type=\"text-editor.default\">\n\t\t\t\t<div class=\"elementor-widget-container\">\n\t\t\t\t\t\t\t\t\t<p><a href=\"mailto:bp@ysalc.tr\"><strong>bp<\/strong><strong>@ysalc.tr<\/strong><\/a><\/p><p><strong>+90 532 301 40 17<\/strong><\/p>\t\t\t\t\t\t\t\t<\/div>\n\t\t\t\t<\/div>\n\t\t\t\t<div class=\"elementor-element elementor-element-d8ee47d elementor-widget elementor-widget-text-editor\" data-id=\"d8ee47d\" data-element_type=\"widget\" data-e-type=\"widget\" data-widget_type=\"text-editor.default\">\n\t\t\t\t<div class=\"elementor-widget-container\">\n\t\t\t\t\t\t\t\t\t<ul><li>\u0130stanbul \u00dcniversitesi Sosyal Bilimler Enstit\u00fcs\u00fc Kamu Hukuku Anabilim Dal\u0131\u2019nda y\u00fcksek lisans\u0131n\u0131 tamamlam\u0131\u015ft\u0131r.<\/li><li>\u0130stanbul \u00dcniversitesi Hukuk Fak\u00fcltesi mezunudur.<\/li><li>\u0130ngilizce, Kazak\u00e7a\/K\u0131rg\u0131zca ve Osmanl\u0131 T\u00fcrk\u00e7esi dillerine h\u00e2kimdir.<\/li><li>Ofisin faaliyetleri kapsam\u0131nda hukuk\u00ee ara\u015ft\u0131rma ve mukayeseli mevzuat \u00e7al\u0131\u015fmalar\u0131 alan\u0131nda katk\u0131 sa\u011flamaktad\u0131r.<\/li><\/ul>\t\t\t\t\t\t\t\t<\/div>\n\t\t\t\t<\/div>\n\t\t\t\t\t<\/div>\n\t\t<\/div>\n\t\t\t\t\t<\/div>\n\t\t<\/section>\n\t\t\t\t<section class=\"elementor-section elementor-inner-section elementor-element elementor-element-dfda9da elementor-section-full_width elementor-section-height-default elementor-section-height-default elementor-invisible\" data-id=\"dfda9da\" data-element_type=\"section\" data-e-type=\"section\" data-settings=\"{&quot;animation&quot;:&quot;fadeInUp&quot;}\">\n\t\t\t\t\t\t<div class=\"elementor-container elementor-column-gap-default\">\n\t\t\t\t\t<div class=\"elementor-column elementor-col-50 elementor-inner-column elementor-element elementor-element-0469b58 elementor-invisible\" data-id=\"0469b58\" data-element_type=\"column\" data-e-type=\"column\" data-settings=\"{&quot;background_background&quot;:&quot;classic&quot;,&quot;animation&quot;:&quot;fadeInUp&quot;}\">\n\t\t\t<div class=\"elementor-widget-wrap elementor-element-populated\">\n\t\t\t\t\t\t<div class=\"elementor-element elementor-element-4b04472 elementor-widget elementor-widget-image\" data-id=\"4b04472\" data-element_type=\"widget\" data-e-type=\"widget\" data-widget_type=\"image.default\">\n\t\t\t\t<div class=\"elementor-widget-container\">\n\t\t\t\t\t\t\t\t\t\t\t\t\t\t\t<img fetchpriority=\"high\" decoding=\"async\" width=\"800\" height=\"800\" src=\"https:\/\/ysalc.ae\/wp-content\/uploads\/2025\/12\/default-avatar-icon-of-social-media-user-vector.jpg\" class=\"attachment-large size-large wp-image-1980\" alt=\"\" srcset=\"https:\/\/ysalc.ae\/wp-content\/uploads\/2025\/12\/default-avatar-icon-of-social-media-user-vector.jpg 980w, https:\/\/ysalc.ae\/wp-content\/uploads\/2025\/12\/default-avatar-icon-of-social-media-user-vector-300x300.jpg 300w, https:\/\/ysalc.ae\/wp-content\/uploads\/2025\/12\/default-avatar-icon-of-social-media-user-vector-150x150.jpg 150w, https:\/\/ysalc.ae\/wp-content\/uploads\/2025\/12\/default-avatar-icon-of-social-media-user-vector-768x768.jpg 768w, https:\/\/ysalc.ae\/wp-content\/uploads\/2025\/12\/default-avatar-icon-of-social-media-user-vector-200x200.jpg 200w\" sizes=\"(max-width: 800px) 100vw, 800px\" \/>\t\t\t\t\t\t\t\t\t\t\t\t\t\t\t<\/div>\n\t\t\t\t<\/div>\n\t\t\t\t<div class=\"elementor-element elementor-element-140c36b elementor-widget elementor-widget-heading\" data-id=\"140c36b\" data-element_type=\"widget\" data-e-type=\"widget\" data-widget_type=\"heading.default\">\n\t\t\t\t<div class=\"elementor-widget-container\">\n\t\t\t\t\t<h2 class=\"elementor-heading-title elementor-size-default\">Arya C\u00fclha <\/h2>\t\t\t\t<\/div>\n\t\t\t\t<\/div>\n\t\t\t\t<div class=\"elementor-element elementor-element-b059b48 elementor-widget elementor-widget-text-editor\" data-id=\"b059b48\" data-element_type=\"widget\" data-e-type=\"widget\" data-widget_type=\"text-editor.default\">\n\t\t\t\t<div class=\"elementor-widget-container\">\n\t\t\t\t\t\t\t\t\t<p><a href=\"mailto:ms@ysalc.tr\"><strong>ms@ysalc.tr<\/strong><\/a><\/p><p><strong>+90 501 100 11 01<\/strong><\/p>\t\t\t\t\t\t\t\t<\/div>\n\t\t\t\t<\/div>\n\t\t\t\t<div class=\"elementor-element elementor-element-59787c0 elementor-widget elementor-widget-text-editor\" data-id=\"59787c0\" data-element_type=\"widget\" data-e-type=\"widget\" data-widget_type=\"text-editor.default\">\n\t\t\t\t<div class=\"elementor-widget-container\">\n\t\t\t\t\t\t\t\t\t<ul><li>Sakarya \u00dcniversitesi Hukuk Fak\u00fcltesi mezunudur.<\/li><li>Arap\u00e7a ve T\u00fcrk\u00e7e dillerine h\u00e2kimdir.<\/li><li>Yousif Al-Sharif Hukuk ve Dan\u0131\u015fmanl\u0131k Ofisi\u2019nde stajyer avukat olarak g\u00f6rev yapmaktad\u0131r.<\/li><\/ul>\t\t\t\t\t\t\t\t<\/div>\n\t\t\t\t<\/div>\n\t\t\t\t\t<\/div>\n\t\t<\/div>\n\t\t\t\t<div class=\"elementor-column elementor-col-50 elementor-inner-column elementor-element elementor-element-d8c4cb0\" data-id=\"d8c4cb0\" data-element_type=\"column\" data-e-type=\"column\">\n\t\t\t<div class=\"elementor-widget-wrap\">\n\t\t\t\t\t\t\t<\/div>\n\t\t<\/div>\n\t\t\t\t\t<\/div>\n\t\t<\/section>\n\t\t\t\t\t<\/div>\n\t\t<\/div>\n\t\t\t\t\t<\/div>\n\t\t<\/section>\n\t\t\t\t\t<\/div>\n\t\t<\/div>\n\t\t\t\t\t<\/div>\n\t\t<\/section>\n\t\t\t\t<\/div>\n\t\t","protected":false},"excerpt":{"rendered":"<p>Adres: Esentepe mah. Milangaz Cd., Dumankaya vizyon No:77 A1 blok, kat:19, daire:108, Kartal\/ \u0130stanbul Tel: +09 216 511 51 58 E-posta: info@ysalc.tr web sitesi: www.ysalc.ae Bizim Ekibimiz Sultan Al-Sharif ss@ysalc.tr +971 55 551 1456 Rusya\u2019daki \u00fcniversitelerde doktora ara\u015ft\u0131rmac\u0131s\u0131d\u0131r. \u0130svi\u00e7re \u0130\u015fletme Okulu\u2019ndan (Swiss Business School) Y\u00f6netim alan\u0131nda y\u00fcksek lisans derecesine sahiptir. Sharjah \u00dcniversitesi Hukuk Fak\u00fcltesi\u2019nden hukuk [&hellip;]<\/p>\n","protected":false},"author":123457,"featured_media":0,"parent":0,"menu_order":0,"comment_status":"closed","ping_status":"closed","template":"elementor_header_footer","meta":{"footnotes":""},"class_list":["post-2000","page","type-page","status-publish","hentry"],"acf":[],"_links":{"self":[{"href":"https:\/\/ysalc.ae\/tr\/wp-json\/wp\/v2\/pages\/2000","targetHints":{"allow":["GET"]}}],"collection":[{"href":"https:\/\/ysalc.ae\/tr\/wp-json\/wp\/v2\/pages"}],"about":[{"href":"https:\/\/ysalc.ae\/tr\/wp-json\/wp\/v2\/types\/page"}],"author":[{"embeddable":true,"href":"https:\/\/ysalc.ae\/tr\/wp-json\/wp\/v2\/users\/123457"}],"replies":[{"embeddable":true,"href":"https:\/\/ysalc.ae\/tr\/wp-json\/wp\/v2\/comments?post=2000"}],"version-history":[{"count":4,"href":"https:\/\/ysalc.ae\/tr\/wp-json\/wp\/v2\/pages\/2000\/revisions"}],"predecessor-version":[{"id":2005,"href":"https:\/\/ysalc.ae\/tr\/wp-json\/wp\/v2\/pages\/2000\/revisions\/2005"}],"wp:attachment":[{"href":"https:\/\/ysalc.ae\/tr\/wp-json\/wp\/v2\/media?parent=2000"}],"curies":[{"name":"wp","href":"https:\/\/api.w.org\/{rel}","templated":true}]}}